{"id":561,"date":"2025-08-04T15:24:36","date_gmt":"2025-08-04T12:24:36","guid":{"rendered":"https:\/\/bilgiyorumlar.com\/esyalar\/?post_type=product&#038;p=561"},"modified":"2025-08-04T15:24:36","modified_gmt":"2025-08-04T12:24:36","slug":"kompresorlu-oto-buzdolabi-cikma-ve-temiz-karavan-buzdolabi-2-el-letgo","status":"publish","type":"product","link":"https:\/\/bilgiyorumlar.com\/esyalar\/urun\/kompresorlu-oto-buzdolabi-cikma-ve-temiz-karavan-buzdolabi-2-el-letgo\/","title":{"rendered":"Kompres\u00f6rl\u00fc Oto Buzdolab\u0131 \u00e7\u0131kma ve temiz karavan buzdolab\u0131 2 El Letgo"},"content":{"rendered":"<p><img loading=\"lazy\" decoding=\"async\" class=\"aligncenter size-full wp-image-563\" src=\"https:\/\/bilgiyorumlar.com\/esyalar\/wp-content\/uploads\/2025\/08\/temiz-karavan-buzdolabi-2.png\" alt=\"\" width=\"732\" height=\"624\" title=\"\" srcset=\"https:\/\/bilgiyorumlar.com\/esyalar\/wp-content\/uploads\/2025\/08\/temiz-karavan-buzdolabi-2.png 732w, https:\/\/bilgiyorumlar.com\/esyalar\/wp-content\/uploads\/2025\/08\/temiz-karavan-buzdolabi-2-300x256.png 300w, https:\/\/bilgiyorumlar.com\/esyalar\/wp-content\/uploads\/2025\/08\/temiz-karavan-buzdolabi-2-600x511.png 600w\" sizes=\"auto, (max-width: 732px) 100vw, 732px\" \/><\/p>\n","protected":false},"excerpt":{"rendered":"<p>temiz karavan buzdolab\u0131 50 Lt 12-24v Marin\/Karavan Kompres\u00f6rl\u00fc Buzdolab\u0131 Temperli CM 90 12\/24 V tekne \/ karavan oto buzdolab\u0131 2 y\u0131l garantili Ak\u00fc korumal\u0131 Ayr\u0131 buzluk b\u00f6lmesi \u0130\u00e7 \u0131\u015f\u0131kland\u0131rma Yaln\u0131zca \u00e7ocu\u011fun boyunu a\u015fmayan su i\u00e7inde ve bir yeti\u015fkin g\u00f6zetimi alt\u0131nda kullan\u0131labilir. 22 litre kompres\u00f6rl\u00fc 12\/24 Cam Kapak Limited Edition Siyah. Pe\u015fin fiyat\u0131na taksit. <\/p>\n","protected":false},"featured_media":563,"template":"","meta":[],"product_brand":[],"product_cat":[30],"product_tag":[37],"class_list":{"0":"post-561","1":"product","2":"type-product","3":"status-publish","4":"has-post-thumbnail","6":"product_cat-ikinci-el-beyaz-esya","7":"product_tag-ikinci-el-buzdolabi","9":"first","10":"instock","11":"sale","12":"shipping-taxable","13":"purchasable","14":"product-type-simple"},"_links":{"self":[{"href":"https:\/\/bilgiyorumlar.com\/esyalar\/wp-json\/wp\/v2\/product\/561","targetHints":{"allow":["GET"]}}],"collection":[{"href":"https:\/\/bilgiyorumlar.com\/esyalar\/wp-json\/wp\/v2\/product"}],"about":[{"href":"https:\/\/bilgiyorumlar.com\/esyalar\/wp-json\/wp\/v2\/types\/product"}],"wp:featuredmedia":[{"embeddable":true,"href":"https:\/\/bilgiyorumlar.com\/esyalar\/wp-json\/wp\/v2\/media\/563"}],"wp:attachment":[{"href":"https:\/\/bilgiyorumlar.com\/esyalar\/wp-json\/wp\/v2\/media?parent=561"}],"wp:term":[{"taxonomy":"product_brand","embeddable":true,"href":"https:\/\/bilgiyorumlar.com\/esyalar\/wp-json\/wp\/v2\/product_brand?post=561"},{"taxonomy":"product_cat","embeddable":true,"href":"https:\/\/bilgiyorumlar.com\/esyalar\/wp-json\/wp\/v2\/product_cat?post=561"},{"taxonomy":"product_tag","embeddable":true,"href":"https:\/\/bilgiyorumlar.com\/esyalar\/wp-json\/wp\/v2\/product_tag?post=561"}],"curies":[{"name":"wp","href":"https:\/\/api.w.org\/{rel}","templated":true}]}}