{"id":555,"date":"2025-01-11T15:12:08","date_gmt":"2025-01-11T12:12:08","guid":{"rendered":"https:\/\/bilgiyorumlar.com\/esyalar\/?post_type=product&#038;p=555"},"modified":"2025-01-11T15:12:08","modified_gmt":"2025-01-11T12:12:08","slug":"2-el-gazli-civi-tabancasi-cikma-makinesi-saglam-civi-tabancasi","status":"publish","type":"product","link":"https:\/\/bilgiyorumlar.com\/esyalar\/urun\/2-el-gazli-civi-tabancasi-cikma-makinesi-saglam-civi-tabancasi\/","title":{"rendered":"2.el gazl\u0131 \u00e7ivi tabancas\u0131 (\u00e7\u0131kma makinesi sa\u011flam \u00e7ivi tabancas\u0131)"},"content":{"rendered":"<p><img loading=\"lazy\" decoding=\"async\" class=\"aligncenter size-full wp-image-557\" src=\"https:\/\/bilgiyorumlar.com\/esyalar\/wp-content\/uploads\/2025\/01\/2.el-gazli-civi-tabancasi-3.png\" alt=\"\" width=\"746\" height=\"555\" title=\"\" srcset=\"https:\/\/bilgiyorumlar.com\/esyalar\/wp-content\/uploads\/2025\/01\/2.el-gazli-civi-tabancasi-3.png 746w, https:\/\/bilgiyorumlar.com\/esyalar\/wp-content\/uploads\/2025\/01\/2.el-gazli-civi-tabancasi-3-300x223.png 300w, https:\/\/bilgiyorumlar.com\/esyalar\/wp-content\/uploads\/2025\/01\/2.el-gazli-civi-tabancasi-3-160x120.png 160w, https:\/\/bilgiyorumlar.com\/esyalar\/wp-content\/uploads\/2025\/01\/2.el-gazli-civi-tabancasi-3-600x446.png 600w\" sizes=\"auto, (max-width: 746px) 100vw, 746px\" \/><\/p>\n","protected":false},"excerpt":{"rendered":"<p>2.el gazl\u0131 \u00e7ivi tabancas\u0131 <em>2<\/em>.<em>EL<\/em>\u00a0VE SIFIR \u00c7\u0130V\u0130 TABANCALARI GARANT\u0130L\u0130 TAM\u0130R VE BAKIM SERV\u0130S\u0130 &#8230; Devam\u0131n\u0131 \u00c7ivi tabancas\u0131n\u0131n fiyat\u0131 ne kadar?<br \/>\n<strong>Gaz tabancas\u0131 ka\u00e7 para?<\/strong><br \/>\n<strong>Akdeniz \u00e7ivi tabancas\u0131 fiyat\u0131 ne kadar?<\/strong><br \/>\n<strong>\u00c7ivi \u00e7akma aleti nedir?<\/strong><br \/>\n<em>Gazl\u0131 \u00c7ivi Tabancalar\u0131<\/em>. Haval\u0131 El Aletleri Modelleri &amp; Fiyatlar\u0131 ; el z\u0131mba si s\u0131f\u0131r. 300 TL. \u0130zmir, Karaba\u011flar ; Elektra beckum havali \u00c7ankaya. T\u00fcm marka\u00a0<em>\u00e7ivi tabancalar\u0131<\/em>\u00a0teknik\u00a0&#8230;<\/p>\n","protected":false},"featured_media":559,"template":"","meta":[],"product_brand":[],"product_cat":[31],"product_tag":[],"class_list":{"0":"post-555","1":"product","2":"type-product","3":"status-publish","4":"has-post-thumbnail","6":"product_cat-ikinci-el-is-makineleri","8":"first","9":"instock","10":"sale","11":"shipping-taxable","12":"purchasable","13":"product-type-simple"},"_links":{"self":[{"href":"https:\/\/bilgiyorumlar.com\/esyalar\/wp-json\/wp\/v2\/product\/555","targetHints":{"allow":["GET"]}}],"collection":[{"href":"https:\/\/bilgiyorumlar.com\/esyalar\/wp-json\/wp\/v2\/product"}],"about":[{"href":"https:\/\/bilgiyorumlar.com\/esyalar\/wp-json\/wp\/v2\/types\/product"}],"wp:featuredmedia":[{"embeddable":true,"href":"https:\/\/bilgiyorumlar.com\/esyalar\/wp-json\/wp\/v2\/media\/559"}],"wp:attachment":[{"href":"https:\/\/bilgiyorumlar.com\/esyalar\/wp-json\/wp\/v2\/media?parent=555"}],"wp:term":[{"taxonomy":"product_brand","embeddable":true,"href":"https:\/\/bilgiyorumlar.com\/esyalar\/wp-json\/wp\/v2\/product_brand?post=555"},{"taxonomy":"product_cat","embeddable":true,"href":"https:\/\/bilgiyorumlar.com\/esyalar\/wp-json\/wp\/v2\/product_cat?post=555"},{"taxonomy":"product_tag","embeddable":true,"href":"https:\/\/bilgiyorumlar.com\/esyalar\/wp-json\/wp\/v2\/product_tag?post=555"}],"curies":[{"name":"wp","href":"https:\/\/api.w.org\/{rel}","templated":true}]}}