{"id":544,"date":"2024-10-20T07:36:51","date_gmt":"2024-10-20T04:36:51","guid":{"rendered":"https:\/\/bilgiyorumlar.com\/esyalar\/?post_type=product&#038;p=544"},"modified":"2024-10-20T07:36:51","modified_gmt":"2024-10-20T04:36:51","slug":"altus-al8100d-camasir-makinesi-kazani-cikma-altus-tambur-kazan","status":"publish","type":"product","link":"https:\/\/bilgiyorumlar.com\/esyalar\/urun\/altus-al8100d-camasir-makinesi-kazani-cikma-altus-tambur-kazan\/","title":{"rendered":"Altus AL8100D \u00e7ama\u015f\u0131r makinesi kazan\u0131, \u00e7\u0131kma altus tambur-kazan"},"content":{"rendered":"<p><img loading=\"lazy\" decoding=\"async\" class=\"aligncenter size-full wp-image-547\" src=\"https:\/\/bilgiyorumlar.com\/esyalar\/wp-content\/uploads\/2024\/10\/Altus-AL8100D-camasir-makinesi-kazani-2.png\" alt=\"\" width=\"864\" height=\"625\" title=\"\" srcset=\"https:\/\/bilgiyorumlar.com\/esyalar\/wp-content\/uploads\/2024\/10\/Altus-AL8100D-camasir-makinesi-kazani-2.png 864w, https:\/\/bilgiyorumlar.com\/esyalar\/wp-content\/uploads\/2024\/10\/Altus-AL8100D-camasir-makinesi-kazani-2-300x217.png 300w, https:\/\/bilgiyorumlar.com\/esyalar\/wp-content\/uploads\/2024\/10\/Altus-AL8100D-camasir-makinesi-kazani-2-768x556.png 768w, https:\/\/bilgiyorumlar.com\/esyalar\/wp-content\/uploads\/2024\/10\/Altus-AL8100D-camasir-makinesi-kazani-2-600x434.png 600w\" sizes=\"auto, (max-width: 864px) 100vw, 864px\" \/><\/p>\n","protected":false},"excerpt":{"rendered":"<p>Altus AL8100D \u00e7ama\u015f\u0131r makinesi kazan\u0131 \u00c7ama\u015f\u0131r Makinesi Modelleri, \u00c7\u0131kma <strong>2.el \u00e7ama\u015f\u0131r makinesi kazan\u0131<\/strong> Beyaz E\u015fya Yedek Par\u00e7alar\u0131 | \u00c7ama\u015f\u0131r Makinesi Kazan-Tambur Guruplar\u0131 Bosch-Siemens-Profilo 8 kiloluk Altus \u00e7ama\u015f\u0131r makinesi ka\u00e7 lira? <strong><a href=\"https:\/\/www.altus.com.tr\/urunler\/camasir-makinesi\/camasir-makinesi-al-10123-d\">10 kiloluk Altus \u00e7ama\u015f\u0131r makinesi<\/a><\/strong> fiyatlar\u0131 ne kadar? Altus \u00c7ama\u015f\u0131r Makinesi Kazan Hortumu Kazan Hortumlar\u0131 UYUMLU OLDU\u011eU MODELLER L\u0130STES\u0130 Marka Model Altus \u00c7ama\u015f\u0131r makinesi kazan ar\u0131zas\u0131 nas\u0131l anla\u015f\u0131l\u0131r? <strong><a href=\"https:\/\/bilgiyorumlar.com\/esyalar\/urun-etiketi\/ikinci-el-camasir-makinesi\/\">ikinci el \u00e7ama\u015f\u0131r makinesi<\/a><\/strong> Ar\u00e7elik-Beko-Altus ikinci el ve s\u0131f\u0131r se\u00e7enekleri ve b\u00fct\u00e7enize uygun fiyat<\/p>\n","protected":false},"featured_media":546,"template":"","meta":[],"product_brand":[],"product_cat":[30],"product_tag":[38],"class_list":{"0":"post-544","1":"product","2":"type-product","3":"status-publish","4":"has-post-thumbnail","6":"product_cat-ikinci-el-beyaz-esya","7":"product_tag-ikinci-el-camasir-makinesi","9":"first","10":"instock","11":"sale","12":"shipping-taxable","13":"purchasable","14":"product-type-simple"},"_links":{"self":[{"href":"https:\/\/bilgiyorumlar.com\/esyalar\/wp-json\/wp\/v2\/product\/544","targetHints":{"allow":["GET"]}}],"collection":[{"href":"https:\/\/bilgiyorumlar.com\/esyalar\/wp-json\/wp\/v2\/product"}],"about":[{"href":"https:\/\/bilgiyorumlar.com\/esyalar\/wp-json\/wp\/v2\/types\/product"}],"wp:featuredmedia":[{"embeddable":true,"href":"https:\/\/bilgiyorumlar.com\/esyalar\/wp-json\/wp\/v2\/media\/546"}],"wp:attachment":[{"href":"https:\/\/bilgiyorumlar.com\/esyalar\/wp-json\/wp\/v2\/media?parent=544"}],"wp:term":[{"taxonomy":"product_brand","embeddable":true,"href":"https:\/\/bilgiyorumlar.com\/esyalar\/wp-json\/wp\/v2\/product_brand?post=544"},{"taxonomy":"product_cat","embeddable":true,"href":"https:\/\/bilgiyorumlar.com\/esyalar\/wp-json\/wp\/v2\/product_cat?post=544"},{"taxonomy":"product_tag","embeddable":true,"href":"https:\/\/bilgiyorumlar.com\/esyalar\/wp-json\/wp\/v2\/product_tag?post=544"}],"curies":[{"name":"wp","href":"https:\/\/api.w.org\/{rel}","templated":true}]}}