{"id":535,"date":"2024-10-11T09:26:58","date_gmt":"2024-10-11T06:26:58","guid":{"rendered":"https:\/\/bilgiyorumlar.com\/esyalar\/?post_type=product&#038;p=535"},"modified":"2024-10-11T09:26:58","modified_gmt":"2024-10-11T06:26:58","slug":"cikma-parca-sunta-mdf-temiz-fuar-cikmasi-ikinci-el-mdf-suntalar","status":"publish","type":"product","link":"https:\/\/bilgiyorumlar.com\/esyalar\/urun\/cikma-parca-sunta-mdf-temiz-fuar-cikmasi-ikinci-el-mdf-suntalar\/","title":{"rendered":"\u00c7\u0131kma par\u00e7a sunta mdf temiz fuar \u00e7\u0131kmas\u0131 ikinci el mdf suntalar"},"content":{"rendered":"<p><img loading=\"lazy\" decoding=\"async\" class=\"aligncenter size-full wp-image-536\" src=\"https:\/\/bilgiyorumlar.com\/esyalar\/wp-content\/uploads\/2024\/10\/fuar-cikmasi-ikinci-el-mdf-suntalar-2.png\" alt=\"\" width=\"942\" height=\"628\" title=\"\" srcset=\"https:\/\/bilgiyorumlar.com\/esyalar\/wp-content\/uploads\/2024\/10\/fuar-cikmasi-ikinci-el-mdf-suntalar-2.png 942w, https:\/\/bilgiyorumlar.com\/esyalar\/wp-content\/uploads\/2024\/10\/fuar-cikmasi-ikinci-el-mdf-suntalar-2-300x200.png 300w, https:\/\/bilgiyorumlar.com\/esyalar\/wp-content\/uploads\/2024\/10\/fuar-cikmasi-ikinci-el-mdf-suntalar-2-768x512.png 768w, https:\/\/bilgiyorumlar.com\/esyalar\/wp-content\/uploads\/2024\/10\/fuar-cikmasi-ikinci-el-mdf-suntalar-2-600x400.png 600w\" sizes=\"auto, (max-width: 942px) 100vw, 942px\" \/><\/p>\n","protected":false},"excerpt":{"rendered":"<p><strong>YAYLI YATAK- \u00c7IKMA(FUAR) 18MM SUNTALAM ,ikinci el SUNTA,MDF TON<\/strong> BAZLI. 150 \u20ba. \u00c7\u0131kma sunta,suntalam, mdf ve OSB mazlemeleri uygun fiyatla sat\u0131yoruz. Her \u00e7e\u015fit demir, bak\u0131r, Resim MDF sunta en 85 uzunluk 2.50, MDF. 300 TL \u00c7IKMA SUNTA MEDEFE SUMTALAM MEDEFELAM PAR\u00c7A ucuz sunta parca sunta ikinci el sunta mdf al\u0131n\u0131r. Resim mevcut degil. sunta 10mm MDF HAM 210X280 TL; 12mm MDF HAM 210X280 920 TL<\/p>\n<p><strong><a href=\"https:\/\/www.google.com\/search?q=Sunta+ve+MDF+aras%C4%B1ndaki+fark+nedir%3F&amp;rlz=1C1CHZN_trTR1057TR1057&amp;oq=Sunta+ve+MDF+aras%C4%B1ndaki+fark+nedir%3F&amp;gs_lcrp=EgZjaHJvbWUyBggAEEUYOTIICAEQABgWGB4yCggCEAAYgAQYogQyCggDEAAYgAQYogQyCggEEAAYgAQYogTSAQc2NjRqMGo5qAIAsAIB&amp;sourceid=chrome&amp;ie=UTF-8\">Sunta ve MDF aras\u0131ndaki fark nedir?<\/a><\/strong><br \/>\nSuntan\u0131n mukavemet de\u011feri MDF&#8217;ye oranla olduk\u00e7a d\u00fc\u015f\u00fckt\u00fcr. Suntadan daha g\u00fc\u00e7l\u00fc bir yap\u0131da olan MDF&#8217;nin mukavemet de\u011feri, sergiledi\u011fi performans \u00f6zellikleri ile suntadan daha y\u00fcksektir. Suntan\u0131n ta\u015f\u0131ma kapasitesi MDF&#8217;ye g\u00f6re daha azd\u0131r. Suntalar ayn\u0131 zamanda MDF&#8217;ye g\u00f6re daha ekonomik malzemelerdir.<\/p>\n","protected":false},"featured_media":536,"template":"","meta":[],"product_brand":[],"product_cat":[15],"product_tag":[],"class_list":{"0":"post-535","1":"product","2":"type-product","3":"status-publish","4":"has-post-thumbnail","6":"product_cat-ikinci-el-esya","8":"first","9":"instock","10":"sale","11":"shipping-taxable","12":"purchasable","13":"product-type-simple"},"_links":{"self":[{"href":"https:\/\/bilgiyorumlar.com\/esyalar\/wp-json\/wp\/v2\/product\/535","targetHints":{"allow":["GET"]}}],"collection":[{"href":"https:\/\/bilgiyorumlar.com\/esyalar\/wp-json\/wp\/v2\/product"}],"about":[{"href":"https:\/\/bilgiyorumlar.com\/esyalar\/wp-json\/wp\/v2\/types\/product"}],"wp:featuredmedia":[{"embeddable":true,"href":"https:\/\/bilgiyorumlar.com\/esyalar\/wp-json\/wp\/v2\/media\/536"}],"wp:attachment":[{"href":"https:\/\/bilgiyorumlar.com\/esyalar\/wp-json\/wp\/v2\/media?parent=535"}],"wp:term":[{"taxonomy":"product_brand","embeddable":true,"href":"https:\/\/bilgiyorumlar.com\/esyalar\/wp-json\/wp\/v2\/product_brand?post=535"},{"taxonomy":"product_cat","embeddable":true,"href":"https:\/\/bilgiyorumlar.com\/esyalar\/wp-json\/wp\/v2\/product_cat?post=535"},{"taxonomy":"product_tag","embeddable":true,"href":"https:\/\/bilgiyorumlar.com\/esyalar\/wp-json\/wp\/v2\/product_tag?post=535"}],"curies":[{"name":"wp","href":"https:\/\/api.w.org\/{rel}","templated":true}]}}