{"id":519,"date":"2024-08-27T11:03:07","date_gmt":"2024-08-27T08:03:07","guid":{"rendered":"https:\/\/bilgiyorumlar.com\/esyalar\/?post_type=product&#038;p=519"},"modified":"2024-08-27T11:03:08","modified_gmt":"2024-08-27T08:03:08","slug":"cikma-elektrik-malzemeleri-kablo-cikma-otomat-salter-kacak-akim-rolesi","status":"publish","type":"product","link":"https:\/\/bilgiyorumlar.com\/esyalar\/urun\/cikma-elektrik-malzemeleri-kablo-cikma-otomat-salter-kacak-akim-rolesi\/","title":{"rendered":"\u00c7\u0131kma elektrik malzemeleri kablo \u00e7\u0131kma otomat \u015falter ka\u00e7ak ak\u0131m r\u00f6lesi"},"content":{"rendered":"<h3>Elektrik malzemeleri nelerdir?<br \/>\nElektrik Malzemeleri Nelerdir?<\/h3>\n<p>Ayd\u0131nlatma armat\u00fcrleri.<br \/>\nAnahtar, fi\u015f ve priz grubu.<br \/>\nEnerji kablolar\u0131<br \/>\nTrafolar.<br \/>\nAk\u0131m kablolar\u0131<br \/>\nSigorta kutular\u0131<br \/>\nKablolar\u0131n korumas\u0131n\u0131 sa\u011flayan borular.<br \/>\nKablo bile\u015fim noktalar\u0131 olan ba\u011flant\u0131 kutular\u0131<\/p>\n<p><strong>Ba\u015fl\u0131ca elektrik malzemeleri nelerdir?<\/strong><br \/>\nGenel olarak elektrik malzemeleri: ayd\u0131nlatma, anahtar priz grubu, enerji kablolar\u0131, trafolar, ak\u0131m kablolar\u0131, sigorta kutular\u0131 gibi malzemelerdir.<\/p>\n","protected":false},"excerpt":{"rendered":"<p>\u00c7\u0131kma elektrik malzemeleri Elektrik &#038; Elektronik \u0130kinci el elinizde bulunan Siemens, Schneider, ABB, EATON, marka \u015faltmalzemeler i\u00e7erisinde \u015ealt Malzemeleri ; \u0130kinci El Elektrik \u015ealt Otomasyon,2.El \u015ealt Otomasyon,2.El \u015ealt Otomasyon \u00dcr\u00fcnleri  Motorlar\u0131 Haricin de Su Pompas\u0131 Havaland\u0131rma Fan\u0131 ve Di\u011fer Elektrik Malzemeleri abb knx dim role<\/p>\n","protected":false},"featured_media":520,"template":"","meta":[],"product_brand":[],"product_cat":[15],"product_tag":[],"class_list":{"0":"post-519","1":"product","2":"type-product","3":"status-publish","4":"has-post-thumbnail","6":"product_cat-ikinci-el-esya","8":"first","9":"instock","10":"sale","11":"shipping-taxable","12":"purchasable","13":"product-type-simple"},"_links":{"self":[{"href":"https:\/\/bilgiyorumlar.com\/esyalar\/wp-json\/wp\/v2\/product\/519","targetHints":{"allow":["GET"]}}],"collection":[{"href":"https:\/\/bilgiyorumlar.com\/esyalar\/wp-json\/wp\/v2\/product"}],"about":[{"href":"https:\/\/bilgiyorumlar.com\/esyalar\/wp-json\/wp\/v2\/types\/product"}],"wp:featuredmedia":[{"embeddable":true,"href":"https:\/\/bilgiyorumlar.com\/esyalar\/wp-json\/wp\/v2\/media\/520"}],"wp:attachment":[{"href":"https:\/\/bilgiyorumlar.com\/esyalar\/wp-json\/wp\/v2\/media?parent=519"}],"wp:term":[{"taxonomy":"product_brand","embeddable":true,"href":"https:\/\/bilgiyorumlar.com\/esyalar\/wp-json\/wp\/v2\/product_brand?post=519"},{"taxonomy":"product_cat","embeddable":true,"href":"https:\/\/bilgiyorumlar.com\/esyalar\/wp-json\/wp\/v2\/product_cat?post=519"},{"taxonomy":"product_tag","embeddable":true,"href":"https:\/\/bilgiyorumlar.com\/esyalar\/wp-json\/wp\/v2\/product_tag?post=519"}],"curies":[{"name":"wp","href":"https:\/\/api.w.org\/{rel}","templated":true}]}}