{"id":495,"date":"2024-08-02T14:47:23","date_gmt":"2024-08-02T11:47:23","guid":{"rendered":"https:\/\/bilgiyorumlar.com\/esyalar\/?post_type=product&#038;p=495"},"modified":"2024-08-02T14:47:23","modified_gmt":"2024-08-02T11:47:23","slug":"cikma-batarya-musluk-sihhi-tesisat-malzemeleri-alim-ve-satim-grubu","status":"publish","type":"product","link":"https:\/\/bilgiyorumlar.com\/esyalar\/urun\/cikma-batarya-musluk-sihhi-tesisat-malzemeleri-alim-ve-satim-grubu\/","title":{"rendered":"\u00c7\u0131kma batarya musluk s\u0131hhi tesisat malzemeleri alim ve sat\u0131m grubu"},"content":{"rendered":"<p><img loading=\"lazy\" decoding=\"async\" class=\"aligncenter size-full wp-image-496\" src=\"https:\/\/bilgiyorumlar.com\/esyalar\/wp-content\/uploads\/2024\/08\/cikma-batarya-musluk-3.png\" alt=\"\" width=\"790\" height=\"635\" title=\"\" srcset=\"https:\/\/bilgiyorumlar.com\/esyalar\/wp-content\/uploads\/2024\/08\/cikma-batarya-musluk-3.png 790w, https:\/\/bilgiyorumlar.com\/esyalar\/wp-content\/uploads\/2024\/08\/cikma-batarya-musluk-3-300x241.png 300w, https:\/\/bilgiyorumlar.com\/esyalar\/wp-content\/uploads\/2024\/08\/cikma-batarya-musluk-3-768x617.png 768w, https:\/\/bilgiyorumlar.com\/esyalar\/wp-content\/uploads\/2024\/08\/cikma-batarya-musluk-3-600x482.png 600w\" sizes=\"auto, (max-width: 790px) 100vw, 790px\" \/> <img loading=\"lazy\" decoding=\"async\" class=\"aligncenter size-full wp-image-497\" src=\"https:\/\/bilgiyorumlar.com\/esyalar\/wp-content\/uploads\/2024\/08\/cikma-batarya-musluk-1.png\" alt=\"\" width=\"891\" height=\"630\" title=\"\" srcset=\"https:\/\/bilgiyorumlar.com\/esyalar\/wp-content\/uploads\/2024\/08\/cikma-batarya-musluk-1.png 891w, https:\/\/bilgiyorumlar.com\/esyalar\/wp-content\/uploads\/2024\/08\/cikma-batarya-musluk-1-300x212.png 300w, https:\/\/bilgiyorumlar.com\/esyalar\/wp-content\/uploads\/2024\/08\/cikma-batarya-musluk-1-768x543.png 768w, https:\/\/bilgiyorumlar.com\/esyalar\/wp-content\/uploads\/2024\/08\/cikma-batarya-musluk-1-600x424.png 600w\" sizes=\"auto, (max-width: 891px) 100vw, 891px\" \/> <img loading=\"lazy\" decoding=\"async\" class=\"aligncenter size-full wp-image-498\" src=\"https:\/\/bilgiyorumlar.com\/esyalar\/wp-content\/uploads\/2024\/08\/cikma-batarya-musluk-2.png\" alt=\"\" width=\"887\" height=\"630\" title=\"\" srcset=\"https:\/\/bilgiyorumlar.com\/esyalar\/wp-content\/uploads\/2024\/08\/cikma-batarya-musluk-2.png 887w, https:\/\/bilgiyorumlar.com\/esyalar\/wp-content\/uploads\/2024\/08\/cikma-batarya-musluk-2-300x213.png 300w, https:\/\/bilgiyorumlar.com\/esyalar\/wp-content\/uploads\/2024\/08\/cikma-batarya-musluk-2-768x545.png 768w, https:\/\/bilgiyorumlar.com\/esyalar\/wp-content\/uploads\/2024\/08\/cikma-batarya-musluk-2-600x426.png 600w\" sizes=\"auto, (max-width: 887px) 100vw, 887px\" \/><\/p>\n","protected":false},"excerpt":{"rendered":"<p>\u00e7\u0131kma batarya musluk S\u0131hhi Tesisat Batarya musluk ikinci el Batarya , musluk ve s\u0131hhi tesisat malzemeleri alim ve sat\u0131m grubu. Urunlerinizi bu grupta 3 adet ayakl\u0131 lavabo aya\u011f\u0131yla birlikte tanesi 500 tl 3 adet 1500 Batarya ve musluk modellerini, en uygun fiyat ve kampanyal\u0131 avantajlar\u0131yla 1 Mutfak Bataryas\u0131 1 Banyo Bataryas\u0131 1 Uzun Musluk.<\/p>\n","protected":false},"featured_media":496,"template":"","meta":[],"product_brand":[],"product_cat":[15],"product_tag":[],"class_list":{"0":"post-495","1":"product","2":"type-product","3":"status-publish","4":"has-post-thumbnail","6":"product_cat-ikinci-el-esya","8":"first","9":"instock","10":"sale","11":"shipping-taxable","12":"purchasable","13":"product-type-simple"},"_links":{"self":[{"href":"https:\/\/bilgiyorumlar.com\/esyalar\/wp-json\/wp\/v2\/product\/495","targetHints":{"allow":["GET"]}}],"collection":[{"href":"https:\/\/bilgiyorumlar.com\/esyalar\/wp-json\/wp\/v2\/product"}],"about":[{"href":"https:\/\/bilgiyorumlar.com\/esyalar\/wp-json\/wp\/v2\/types\/product"}],"wp:featuredmedia":[{"embeddable":true,"href":"https:\/\/bilgiyorumlar.com\/esyalar\/wp-json\/wp\/v2\/media\/496"}],"wp:attachment":[{"href":"https:\/\/bilgiyorumlar.com\/esyalar\/wp-json\/wp\/v2\/media?parent=495"}],"wp:term":[{"taxonomy":"product_brand","embeddable":true,"href":"https:\/\/bilgiyorumlar.com\/esyalar\/wp-json\/wp\/v2\/product_brand?post=495"},{"taxonomy":"product_cat","embeddable":true,"href":"https:\/\/bilgiyorumlar.com\/esyalar\/wp-json\/wp\/v2\/product_cat?post=495"},{"taxonomy":"product_tag","embeddable":true,"href":"https:\/\/bilgiyorumlar.com\/esyalar\/wp-json\/wp\/v2\/product_tag?post=495"}],"curies":[{"name":"wp","href":"https:\/\/api.w.org\/{rel}","templated":true}]}}