{"id":473,"date":"2024-07-16T16:07:32","date_gmt":"2024-07-16T13:07:32","guid":{"rendered":"https:\/\/bilgiyorumlar.com\/esyalar\/?post_type=product&#038;p=473"},"modified":"2024-07-16T16:07:32","modified_gmt":"2024-07-16T13:07:32","slug":"cikma-hasir-tel-cit-teli-galvanizi-orgu-teli-fence-bahce-teli","status":"publish","type":"product","link":"https:\/\/bilgiyorumlar.com\/esyalar\/urun\/cikma-hasir-tel-cit-teli-galvanizi-orgu-teli-fence-bahce-teli\/","title":{"rendered":"\u00e7\u0131kma has\u0131r tel \u00e7it teli GALVAN\u0130Z\u0130 \u00d6RG\u00dc TEL\u0130 &#8211; FENCE BAH\u00c7E TEL\u0130"},"content":{"rendered":"<p><img loading=\"lazy\" decoding=\"async\" class=\"aligncenter size-full wp-image-474\" src=\"https:\/\/bilgiyorumlar.com\/esyalar\/wp-content\/uploads\/2024\/07\/cikma-hasir-tel-cit-teli-1.png\" alt=\"\" width=\"650\" height=\"638\" title=\"\" srcset=\"https:\/\/bilgiyorumlar.com\/esyalar\/wp-content\/uploads\/2024\/07\/cikma-hasir-tel-cit-teli-1.png 650w, https:\/\/bilgiyorumlar.com\/esyalar\/wp-content\/uploads\/2024\/07\/cikma-hasir-tel-cit-teli-1-300x294.png 300w, https:\/\/bilgiyorumlar.com\/esyalar\/wp-content\/uploads\/2024\/07\/cikma-hasir-tel-cit-teli-1-600x589.png 600w\" sizes=\"auto, (max-width: 650px) 100vw, 650px\" \/> <img loading=\"lazy\" decoding=\"async\" class=\"aligncenter size-full wp-image-475\" src=\"https:\/\/bilgiyorumlar.com\/esyalar\/wp-content\/uploads\/2024\/07\/cikma-hasir-tel-cit-teli-2.png\" alt=\"\" width=\"831\" height=\"630\" title=\"\" srcset=\"https:\/\/bilgiyorumlar.com\/esyalar\/wp-content\/uploads\/2024\/07\/cikma-hasir-tel-cit-teli-2.png 831w, https:\/\/bilgiyorumlar.com\/esyalar\/wp-content\/uploads\/2024\/07\/cikma-hasir-tel-cit-teli-2-300x227.png 300w, https:\/\/bilgiyorumlar.com\/esyalar\/wp-content\/uploads\/2024\/07\/cikma-hasir-tel-cit-teli-2-768x582.png 768w, https:\/\/bilgiyorumlar.com\/esyalar\/wp-content\/uploads\/2024\/07\/cikma-hasir-tel-cit-teli-2-160x120.png 160w, https:\/\/bilgiyorumlar.com\/esyalar\/wp-content\/uploads\/2024\/07\/cikma-hasir-tel-cit-teli-2-600x455.png 600w\" sizes=\"auto, (max-width: 831px) 100vw, 831px\" \/><\/p>\n","protected":false},"excerpt":{"rendered":"<p>\u00e7\u0131kma has\u0131r tel \u00e7it teli PANEL \u00c7\u0130T-\u00c7\u0130M \u00c7\u0130T-J\u0130LETL\u0130 TEL. 185 TL Tel \u00e7it dire\u011fi ka\u00e7 metre ara ile dikilir?<br \/>\n1 top tel \u00e7it ka\u00e7 metre? Kafes tel \u00f6rg\u00fc fiyatlar\u0131 uygun se\u00e7enekler ile yer al\u0131r. Ula\u015f\u0131labilir fiyat se\u00e7enekleri ile<br \/>\n20 metre bah\u00e7e teli ka\u00e7 kilo gelir? Bah\u00e7e teli metresi ne kadar?<br \/>\n\u00e7it tel panel sistemleri. 200 TL ; GALVAN\u0130Z\u0130 \u00d6RG\u00dc TEL\u0130 &#8211; FENCE BAH\u00c7E TEL\u0130-. 750 TL ; 45CM L\u0130K DUZLEMSEL GALVAN\u0130Z J\u0130LETL\u0130<\/p>\n","protected":false},"featured_media":475,"template":"","meta":[],"product_brand":[],"product_cat":[15],"product_tag":[],"class_list":{"0":"post-473","1":"product","2":"type-product","3":"status-publish","4":"has-post-thumbnail","6":"product_cat-ikinci-el-esya","8":"first","9":"instock","10":"sale","11":"shipping-taxable","12":"purchasable","13":"product-type-simple"},"_links":{"self":[{"href":"https:\/\/bilgiyorumlar.com\/esyalar\/wp-json\/wp\/v2\/product\/473","targetHints":{"allow":["GET"]}}],"collection":[{"href":"https:\/\/bilgiyorumlar.com\/esyalar\/wp-json\/wp\/v2\/product"}],"about":[{"href":"https:\/\/bilgiyorumlar.com\/esyalar\/wp-json\/wp\/v2\/types\/product"}],"wp:featuredmedia":[{"embeddable":true,"href":"https:\/\/bilgiyorumlar.com\/esyalar\/wp-json\/wp\/v2\/media\/475"}],"wp:attachment":[{"href":"https:\/\/bilgiyorumlar.com\/esyalar\/wp-json\/wp\/v2\/media?parent=473"}],"wp:term":[{"taxonomy":"product_brand","embeddable":true,"href":"https:\/\/bilgiyorumlar.com\/esyalar\/wp-json\/wp\/v2\/product_brand?post=473"},{"taxonomy":"product_cat","embeddable":true,"href":"https:\/\/bilgiyorumlar.com\/esyalar\/wp-json\/wp\/v2\/product_cat?post=473"},{"taxonomy":"product_tag","embeddable":true,"href":"https:\/\/bilgiyorumlar.com\/esyalar\/wp-json\/wp\/v2\/product_tag?post=473"}],"curies":[{"name":"wp","href":"https:\/\/api.w.org\/{rel}","templated":true}]}}