{"id":457,"date":"2024-06-23T09:43:40","date_gmt":"2024-06-23T06:43:40","guid":{"rendered":"https:\/\/bilgiyorumlar.com\/esyalar\/?post_type=product&#038;p=457"},"modified":"2024-06-23T09:43:40","modified_gmt":"2024-06-23T06:43:40","slug":"kia-sorento-hava-filtre-kazani-yeni-gibi-hatasiz-ve-saglam-durumda","status":"publish","type":"product","link":"https:\/\/bilgiyorumlar.com\/esyalar\/urun\/kia-sorento-hava-filtre-kazani-yeni-gibi-hatasiz-ve-saglam-durumda\/","title":{"rendered":"Kia Sorento hava filtre kazan\u0131 yeni gibi hatas\u0131z ve sa\u011flam durumda"},"content":{"rendered":"<p><img loading=\"lazy\" decoding=\"async\" class=\"aligncenter size-full wp-image-458\" src=\"https:\/\/bilgiyorumlar.com\/esyalar\/wp-content\/uploads\/2024\/06\/Kia-Sorento-hava-filtre-kazani-2.png\" alt=\"\" width=\"829\" height=\"622\" title=\"\" srcset=\"https:\/\/bilgiyorumlar.com\/esyalar\/wp-content\/uploads\/2024\/06\/Kia-Sorento-hava-filtre-kazani-2.png 829w, https:\/\/bilgiyorumlar.com\/esyalar\/wp-content\/uploads\/2024\/06\/Kia-Sorento-hava-filtre-kazani-2-300x225.png 300w, https:\/\/bilgiyorumlar.com\/esyalar\/wp-content\/uploads\/2024\/06\/Kia-Sorento-hava-filtre-kazani-2-768x576.png 768w, https:\/\/bilgiyorumlar.com\/esyalar\/wp-content\/uploads\/2024\/06\/Kia-Sorento-hava-filtre-kazani-2-160x120.png 160w, https:\/\/bilgiyorumlar.com\/esyalar\/wp-content\/uploads\/2024\/06\/Kia-Sorento-hava-filtre-kazani-2-600x450.png 600w\" sizes=\"auto, (max-width: 829px) 100vw, 829px\" \/> <img loading=\"lazy\" decoding=\"async\" class=\"aligncenter size-full wp-image-459\" src=\"https:\/\/bilgiyorumlar.com\/esyalar\/wp-content\/uploads\/2024\/06\/Kia-Sorento-hava-filtre-kazani-1.png\" alt=\"\" width=\"738\" height=\"630\" title=\"\" srcset=\"https:\/\/bilgiyorumlar.com\/esyalar\/wp-content\/uploads\/2024\/06\/Kia-Sorento-hava-filtre-kazani-1.png 738w, https:\/\/bilgiyorumlar.com\/esyalar\/wp-content\/uploads\/2024\/06\/Kia-Sorento-hava-filtre-kazani-1-300x256.png 300w, https:\/\/bilgiyorumlar.com\/esyalar\/wp-content\/uploads\/2024\/06\/Kia-Sorento-hava-filtre-kazani-1-600x512.png 600w\" sizes=\"auto, (max-width: 738px) 100vw, 738px\" \/><\/p>\n","protected":false},"excerpt":{"rendered":"<p>Kia Sorento hava filtre kazan\u0131 yeni gibi hatas\u0131z ve sa\u011flam durumda<strong> K\u0130A SORENTO HAVA F\u0130LTRE KUTUSU 2.5 D\u0130ZEL<\/strong> Hava filtresi, motora giren havan\u0131n temizlenmesi ile g\u00f6revlidir. Daha sa\u011fl\u0131kl\u0131 bir motor i\u00e7in hava filtresi K\u0130A SORENTO HAVA F\u0130LTRE KUTUSU 2.5 D\u0130ZEL. 2.500 TL. Bursa, Osmangazi 1. Emme zaman\u0131: Piston a\u015fa\u011f\u0131ya inerken, emme supab\u0131 a\u00e7\u0131l\u0131r ve i\u00e7eri hava filtresinden temizlenmi\u015f<\/p>\n","protected":false},"featured_media":459,"template":"","meta":[],"product_brand":[],"product_cat":[31],"product_tag":[],"class_list":{"0":"post-457","1":"product","2":"type-product","3":"status-publish","4":"has-post-thumbnail","6":"product_cat-ikinci-el-is-makineleri","8":"first","9":"instock","10":"sale","11":"shipping-taxable","12":"purchasable","13":"product-type-simple"},"_links":{"self":[{"href":"https:\/\/bilgiyorumlar.com\/esyalar\/wp-json\/wp\/v2\/product\/457","targetHints":{"allow":["GET"]}}],"collection":[{"href":"https:\/\/bilgiyorumlar.com\/esyalar\/wp-json\/wp\/v2\/product"}],"about":[{"href":"https:\/\/bilgiyorumlar.com\/esyalar\/wp-json\/wp\/v2\/types\/product"}],"wp:featuredmedia":[{"embeddable":true,"href":"https:\/\/bilgiyorumlar.com\/esyalar\/wp-json\/wp\/v2\/media\/459"}],"wp:attachment":[{"href":"https:\/\/bilgiyorumlar.com\/esyalar\/wp-json\/wp\/v2\/media?parent=457"}],"wp:term":[{"taxonomy":"product_brand","embeddable":true,"href":"https:\/\/bilgiyorumlar.com\/esyalar\/wp-json\/wp\/v2\/product_brand?post=457"},{"taxonomy":"product_cat","embeddable":true,"href":"https:\/\/bilgiyorumlar.com\/esyalar\/wp-json\/wp\/v2\/product_cat?post=457"},{"taxonomy":"product_tag","embeddable":true,"href":"https:\/\/bilgiyorumlar.com\/esyalar\/wp-json\/wp\/v2\/product_tag?post=457"}],"curies":[{"name":"wp","href":"https:\/\/api.w.org\/{rel}","templated":true}]}}