{"id":447,"date":"2024-06-14T10:07:43","date_gmt":"2024-06-14T07:07:43","guid":{"rendered":"https:\/\/bilgiyorumlar.com\/esyalar\/?post_type=product&#038;p=447"},"modified":"2024-06-14T10:07:43","modified_gmt":"2024-06-14T07:07:43","slug":"ikinci-el-demir-bukme-makinasi-portatif-etriye-bukme-makinasi","status":"publish","type":"product","link":"https:\/\/bilgiyorumlar.com\/esyalar\/urun\/ikinci-el-demir-bukme-makinasi-portatif-etriye-bukme-makinasi\/","title":{"rendered":"ikinci el demir b\u00fckme makinas\u0131 PORTAT\u0130F ETR\u0130YE B\u00dcKME MAK\u0130NASI"},"content":{"rendered":"<div id=\"attachment_448\" style=\"width: 768px\" class=\"wp-caption aligncenter\"><img loading=\"lazy\" decoding=\"async\" aria-describedby=\"caption-attachment-448\" class=\"wp-image-448 size-full\" title=\"ikinci el demir b\u00fckme makinas\u0131\" src=\"https:\/\/bilgiyorumlar.com\/esyalar\/wp-content\/uploads\/2024\/06\/ikinci-el-demir-bukme-makinasi-1.png\" alt=\"\" width=\"758\" height=\"630\" srcset=\"https:\/\/bilgiyorumlar.com\/esyalar\/wp-content\/uploads\/2024\/06\/ikinci-el-demir-bukme-makinasi-1.png 758w, https:\/\/bilgiyorumlar.com\/esyalar\/wp-content\/uploads\/2024\/06\/ikinci-el-demir-bukme-makinasi-1-300x249.png 300w, https:\/\/bilgiyorumlar.com\/esyalar\/wp-content\/uploads\/2024\/06\/ikinci-el-demir-bukme-makinasi-1-600x499.png 600w\" sizes=\"auto, (max-width: 758px) 100vw, 758px\" \/><p id=\"caption-attachment-448\" class=\"wp-caption-text\">ikinci el demir b\u00fckme makinas\u0131<\/p><\/div>\n<p><img loading=\"lazy\" decoding=\"async\" class=\"aligncenter size-full wp-image-449\" src=\"https:\/\/bilgiyorumlar.com\/esyalar\/wp-content\/uploads\/2024\/06\/ikinci-el-demir-bukme-makinasi-2.png\" alt=\"\" width=\"988\" height=\"630\" title=\"\" srcset=\"https:\/\/bilgiyorumlar.com\/esyalar\/wp-content\/uploads\/2024\/06\/ikinci-el-demir-bukme-makinasi-2.png 988w, https:\/\/bilgiyorumlar.com\/esyalar\/wp-content\/uploads\/2024\/06\/ikinci-el-demir-bukme-makinasi-2-300x191.png 300w, https:\/\/bilgiyorumlar.com\/esyalar\/wp-content\/uploads\/2024\/06\/ikinci-el-demir-bukme-makinasi-2-768x490.png 768w, https:\/\/bilgiyorumlar.com\/esyalar\/wp-content\/uploads\/2024\/06\/ikinci-el-demir-bukme-makinasi-2-600x383.png 600w\" sizes=\"auto, (max-width: 988px) 100vw, 988px\" \/><\/p>\n","protected":false},"excerpt":{"rendered":"<p><strong>2. el in\u015faat demir b\u00fckme makinesi a\u011fz\u0131 topuz 18mm kafa<\/strong> 18 mm e kadar a\u011f\u0131z elektrikli demir e\u011fme \u015fekil verme makinas\u0131 i\u00e7in aparat yedek par\u00e7a etre etriye 18 lik DEM\u0130R B\u00dcKME MAK\u0130NALARI el aletleri \u00e7e\u015fitleri aras\u0131nda yer alan demir kesme makineleri ile kesebilirsiniz. DEM\u0130R KESME MAK\u0130NALARIKOMB\u0130NE MAK\u0130NALARHAF\u0130F<\/p>\n","protected":false},"featured_media":448,"template":"","meta":[],"product_brand":[],"product_cat":[31],"product_tag":[],"class_list":{"0":"post-447","1":"product","2":"type-product","3":"status-publish","4":"has-post-thumbnail","6":"product_cat-ikinci-el-is-makineleri","8":"first","9":"instock","10":"sale","11":"shipping-taxable","12":"purchasable","13":"product-type-simple"},"_links":{"self":[{"href":"https:\/\/bilgiyorumlar.com\/esyalar\/wp-json\/wp\/v2\/product\/447","targetHints":{"allow":["GET"]}}],"collection":[{"href":"https:\/\/bilgiyorumlar.com\/esyalar\/wp-json\/wp\/v2\/product"}],"about":[{"href":"https:\/\/bilgiyorumlar.com\/esyalar\/wp-json\/wp\/v2\/types\/product"}],"wp:featuredmedia":[{"embeddable":true,"href":"https:\/\/bilgiyorumlar.com\/esyalar\/wp-json\/wp\/v2\/media\/448"}],"wp:attachment":[{"href":"https:\/\/bilgiyorumlar.com\/esyalar\/wp-json\/wp\/v2\/media?parent=447"}],"wp:term":[{"taxonomy":"product_brand","embeddable":true,"href":"https:\/\/bilgiyorumlar.com\/esyalar\/wp-json\/wp\/v2\/product_brand?post=447"},{"taxonomy":"product_cat","embeddable":true,"href":"https:\/\/bilgiyorumlar.com\/esyalar\/wp-json\/wp\/v2\/product_cat?post=447"},{"taxonomy":"product_tag","embeddable":true,"href":"https:\/\/bilgiyorumlar.com\/esyalar\/wp-json\/wp\/v2\/product_tag?post=447"}],"curies":[{"name":"wp","href":"https:\/\/api.w.org\/{rel}","templated":true}]}}