{"id":422,"date":"2024-06-05T14:41:58","date_gmt":"2024-06-05T11:41:58","guid":{"rendered":"https:\/\/bilgiyorumlar.com\/esyalar\/?post_type=product&#038;p=422"},"modified":"2024-06-05T14:41:58","modified_gmt":"2024-06-05T11:41:58","slug":"ikinci-el-klozet-arkasi-wc-ogutucu-pompa-wc","status":"publish","type":"product","link":"https:\/\/bilgiyorumlar.com\/esyalar\/urun\/ikinci-el-klozet-arkasi-wc-ogutucu-pompa-wc\/","title":{"rendered":"ikinci el KLOZET ARKASI WC \u00d6\u011e\u00dcT\u00dcC\u00dc POMPA WC"},"content":{"rendered":"<div id=\"attachment_423\" style=\"width: 747px\" class=\"wp-caption aligncenter\"><img loading=\"lazy\" decoding=\"async\" aria-describedby=\"caption-attachment-423\" class=\"wp-image-423 size-full\" title=\"ikinci el klozet \u00f6\u011f\u00fct\u00fcc\u00fc\" src=\"https:\/\/bilgiyorumlar.com\/esyalar\/wp-content\/uploads\/2024\/06\/ikinci-el-klozet-ogutucu-2.png\" alt=\"\" width=\"737\" height=\"634\" srcset=\"https:\/\/bilgiyorumlar.com\/esyalar\/wp-content\/uploads\/2024\/06\/ikinci-el-klozet-ogutucu-2.png 737w, https:\/\/bilgiyorumlar.com\/esyalar\/wp-content\/uploads\/2024\/06\/ikinci-el-klozet-ogutucu-2-300x258.png 300w, https:\/\/bilgiyorumlar.com\/esyalar\/wp-content\/uploads\/2024\/06\/ikinci-el-klozet-ogutucu-2-600x516.png 600w\" sizes=\"auto, (max-width: 737px) 100vw, 737px\" \/><p id=\"caption-attachment-423\" class=\"wp-caption-text\">ikinci el klozet \u00f6\u011f\u00fct\u00fcc\u00fc<\/p><\/div>\n<p>ikinci el klozet \u00f6\u011f\u00fct\u00fcc\u00fc<\/p>\n<p><img loading=\"lazy\" decoding=\"async\" class=\"aligncenter size-full wp-image-424\" src=\"https:\/\/bilgiyorumlar.com\/esyalar\/wp-content\/uploads\/2024\/06\/ikinci-el-klozet-ogutucu-1.png\" alt=\"\" width=\"713\" height=\"620\" title=\"\" srcset=\"https:\/\/bilgiyorumlar.com\/esyalar\/wp-content\/uploads\/2024\/06\/ikinci-el-klozet-ogutucu-1.png 713w, https:\/\/bilgiyorumlar.com\/esyalar\/wp-content\/uploads\/2024\/06\/ikinci-el-klozet-ogutucu-1-300x261.png 300w, https:\/\/bilgiyorumlar.com\/esyalar\/wp-content\/uploads\/2024\/06\/ikinci-el-klozet-ogutucu-1-600x522.png 600w\" sizes=\"auto, (max-width: 713px) 100vw, 713px\" \/><\/p>\n","protected":false},"excerpt":{"rendered":"<p>\u00c7ok satan markalar\u0131 uygun fiyatlar ile sat\u0131n al\u0131n.<strong> KLOZET ARKASI WC \u00d6\u011e\u00dcT\u00dcC\u00dc POMPA WC WC<\/strong> \u00d6\u011e\u00dcT\u00dcC\u00dc VE ATIK SU G\u0130DER POMPALARI, G\u0130DER\u0130 OLMAYAN YERLERE Uygulamaya gelin, kolayca ilan verin. Mobil uygulamadan saniyeler i\u00e7inde ilan verip ayda 60 milyondan fazla kullan\u0131c\u0131ya ula\u015f\u0131n Ge\u00e7erli \u00fcr\u00fcnlerde \u00fccretsiz kargo ile.<\/p>\n","protected":false},"featured_media":423,"template":"","meta":[],"product_brand":[],"product_cat":[33],"product_tag":[],"class_list":{"0":"post-422","1":"product","2":"type-product","3":"status-publish","4":"has-post-thumbnail","6":"product_cat-spot-defolu-esya","8":"first","9":"instock","10":"sale","11":"shipping-taxable","12":"purchasable","13":"product-type-simple"},"_links":{"self":[{"href":"https:\/\/bilgiyorumlar.com\/esyalar\/wp-json\/wp\/v2\/product\/422","targetHints":{"allow":["GET"]}}],"collection":[{"href":"https:\/\/bilgiyorumlar.com\/esyalar\/wp-json\/wp\/v2\/product"}],"about":[{"href":"https:\/\/bilgiyorumlar.com\/esyalar\/wp-json\/wp\/v2\/types\/product"}],"wp:featuredmedia":[{"embeddable":true,"href":"https:\/\/bilgiyorumlar.com\/esyalar\/wp-json\/wp\/v2\/media\/423"}],"wp:attachment":[{"href":"https:\/\/bilgiyorumlar.com\/esyalar\/wp-json\/wp\/v2\/media?parent=422"}],"wp:term":[{"taxonomy":"product_brand","embeddable":true,"href":"https:\/\/bilgiyorumlar.com\/esyalar\/wp-json\/wp\/v2\/product_brand?post=422"},{"taxonomy":"product_cat","embeddable":true,"href":"https:\/\/bilgiyorumlar.com\/esyalar\/wp-json\/wp\/v2\/product_cat?post=422"},{"taxonomy":"product_tag","embeddable":true,"href":"https:\/\/bilgiyorumlar.com\/esyalar\/wp-json\/wp\/v2\/product_tag?post=422"}],"curies":[{"name":"wp","href":"https:\/\/api.w.org\/{rel}","templated":true}]}}