{"id":385,"date":"2024-06-05T07:19:35","date_gmt":"2024-06-05T07:19:35","guid":{"rendered":"https:\/\/bilgiyorumlar.com\/esyalar\/?page_id=385"},"modified":"2024-07-24T10:13:31","modified_gmt":"2024-07-24T07:13:31","slug":"iletisim","status":"publish","type":"page","link":"https:\/\/bilgiyorumlar.com\/esyalar\/iletisim\/","title":{"rendered":"ileti\u015fim"},"content":{"rendered":"<p><img loading=\"lazy\" decoding=\"async\" class=\"aligncenter size-full wp-image-386\" src=\"https:\/\/bilgiyorumlar.com\/esyalar\/wp-content\/uploads\/2024\/06\/iletisim1.jpg\" alt=\"\" width=\"800\" height=\"500\" title=\"\" srcset=\"https:\/\/bilgiyorumlar.com\/esyalar\/wp-content\/uploads\/2024\/06\/iletisim1.jpg 800w, https:\/\/bilgiyorumlar.com\/esyalar\/wp-content\/uploads\/2024\/06\/iletisim1-300x188.jpg 300w, https:\/\/bilgiyorumlar.com\/esyalar\/wp-content\/uploads\/2024\/06\/iletisim1-768x480.jpg 768w, https:\/\/bilgiyorumlar.com\/esyalar\/wp-content\/uploads\/2024\/06\/iletisim1-600x375.jpg 600w\" sizes=\"auto, (max-width: 800px) 100vw, 800px\" \/><\/p>\n<div class=\"woocommerce columns-4 \"><ul class=\"products columns-4\">\n<li class=\"product type-product post-555 status-publish first instock product_cat-ikinci-el-is-makineleri has-post-thumbnail sale shipping-taxable purchasable product-type-simple\">\n\t<a href=\"https:\/\/bilgiyorumlar.com\/esyalar\/urun\/2-el-gazli-civi-tabancasi-cikma-makinesi-saglam-civi-tabancasi\/\" class=\"woocommerce-LoopProduct-link woocommerce-loop-product__link\">\n\t<span class=\"onsale\">\u0130ndirim!<\/span>\n\t<img loading=\"lazy\" decoding=\"async\" width=\"300\" height=\"300\" src=\"https:\/\/bilgiyorumlar.com\/esyalar\/wp-content\/uploads\/2025\/01\/2.el-gazli-civi-tabancasi-2-300x300.png\" class=\"attachment-woocommerce_thumbnail size-woocommerce_thumbnail\" alt=\"2.el gazl\u0131 \u00e7ivi tabancas\u0131 (\u00e7\u0131kma makinesi sa\u011flam \u00e7ivi tabancas\u0131)\" srcset=\"https:\/\/bilgiyorumlar.com\/esyalar\/wp-content\/uploads\/2025\/01\/2.el-gazli-civi-tabancasi-2-300x300.png 300w, https:\/\/bilgiyorumlar.com\/esyalar\/wp-content\/uploads\/2025\/01\/2.el-gazli-civi-tabancasi-2-150x150.png 150w, https:\/\/bilgiyorumlar.com\/esyalar\/wp-content\/uploads\/2025\/01\/2.el-gazli-civi-tabancasi-2-100x100.png 100w\" sizes=\"auto, (max-width: 300px) 100vw, 300px\" title=\"\"><h2 class=\"woocommerce-loop-product__title\">2.el gazl\u0131 \u00e7ivi tabancas\u0131 (\u00e7\u0131kma makinesi sa\u011flam \u00e7ivi tabancas\u0131)<\/h2>\n\t<span class=\"price\"><del aria-hidden=\"true\"><span class=\"woocommerce-Price-amount amount\"><bdi><span class=\"woocommerce-Price-currencySymbol\">&#8378;<\/span>1,200.00<\/bdi><\/span><\/del> <span class=\"screen-reader-text\">Orijinal fiyat: &#8378;1,200.00.<\/span><ins aria-hidden=\"true\"><span class=\"woocommerce-Price-amount amount\"><bdi><span class=\"woocommerce-Price-currencySymbol\">&#8378;<\/span>1,000.00<\/bdi><\/span><\/ins><span class=\"screen-reader-text\">\u015eu andaki fiyat: &#8378;1,000.00.<\/span><\/span>\n<div class=\"archive-product-categories text-center\"><a href=\"https:\/\/bilgiyorumlar.com\/esyalar\/urun-kategori\/ikinci-el-is-makineleri\/\" rel=\"tag\">ikinci el i\u015f makineleri<\/a><\/div><\/a><a href=\"\/esyalar\/wp-json\/wp\/v2\/pages\/385?add-to-cart=555\" aria-describedby=\"woocommerce_loop_add_to_cart_link_describedby_555\" data-quantity=\"1\" class=\"button product_type_simple add_to_cart_button ajax_add_to_cart\" data-product_id=\"555\" data-product_sku=\"\" aria-label=\"Sepete ekle: \u201c2.el gazl\u0131 \u00e7ivi tabancas\u0131 (\u00e7\u0131kma makinesi sa\u011flam \u00e7ivi tabancas\u0131)\u201d\" rel=\"nofollow\" data-success_message=\"&quot;2.el gazl\u0131 \u00e7ivi tabancas\u0131 (\u00e7\u0131kma makinesi sa\u011flam \u00e7ivi tabancas\u0131)&quot; sepetinize eklendi\" role=\"button\">Sepete Ekle<\/a>\t<span id=\"woocommerce_loop_add_to_cart_link_describedby_555\" class=\"screen-reader-text\">\n\t\t\t<\/span>\n<\/li>\n<li class=\"product type-product post-574 status-publish instock product_cat-ikinci-el-esya has-post-thumbnail sale shipping-taxable purchasable product-type-simple\">\n\t<a href=\"https:\/\/bilgiyorumlar.com\/esyalar\/urun\/3-aylik-iki-kisilik-cekme-karavan-yenisinden-farksiz-sifir-ucuz-karavan\/\" class=\"woocommerce-LoopProduct-link woocommerce-loop-product__link\">\n\t<span class=\"onsale\">\u0130ndirim!<\/span>\n\t<img loading=\"lazy\" decoding=\"async\" width=\"300\" height=\"300\" src=\"https:\/\/bilgiyorumlar.com\/esyalar\/wp-content\/uploads\/2025\/12\/sifir-ucuz-karavan-2-300x300.png\" class=\"attachment-woocommerce_thumbnail size-woocommerce_thumbnail\" alt=\"3 ayl\u0131k iki ki\u015filik \u00e7ekme karavan yenisinden farks\u0131z s\u0131f\u0131r ucuz karavan\" srcset=\"https:\/\/bilgiyorumlar.com\/esyalar\/wp-content\/uploads\/2025\/12\/sifir-ucuz-karavan-2-300x300.png 300w, https:\/\/bilgiyorumlar.com\/esyalar\/wp-content\/uploads\/2025\/12\/sifir-ucuz-karavan-2-150x150.png 150w, https:\/\/bilgiyorumlar.com\/esyalar\/wp-content\/uploads\/2025\/12\/sifir-ucuz-karavan-2-100x100.png 100w\" sizes=\"auto, (max-width: 300px) 100vw, 300px\" title=\"\"><h2 class=\"woocommerce-loop-product__title\">3 ayl\u0131k iki ki\u015filik \u00e7ekme karavan yenisinden farks\u0131z s\u0131f\u0131r ucuz karavan<\/h2>\n\t<span class=\"price\"><del aria-hidden=\"true\"><span class=\"woocommerce-Price-amount amount\"><bdi><span class=\"woocommerce-Price-currencySymbol\">&#8378;<\/span>200,000.00<\/bdi><\/span><\/del> <span class=\"screen-reader-text\">Orijinal fiyat: &#8378;200,000.00.<\/span><ins aria-hidden=\"true\"><span class=\"woocommerce-Price-amount amount\"><bdi><span class=\"woocommerce-Price-currencySymbol\">&#8378;<\/span>190,000.00<\/bdi><\/span><\/ins><span class=\"screen-reader-text\">\u015eu andaki fiyat: &#8378;190,000.00.<\/span><\/span>\n<div class=\"archive-product-categories text-center\"><a href=\"https:\/\/bilgiyorumlar.com\/esyalar\/urun-kategori\/ikinci-el-esya\/\" rel=\"tag\">ikinci el e\u015fya<\/a><\/div><\/a><a href=\"\/esyalar\/wp-json\/wp\/v2\/pages\/385?add-to-cart=574\" aria-describedby=\"woocommerce_loop_add_to_cart_link_describedby_574\" data-quantity=\"1\" class=\"button product_type_simple add_to_cart_button ajax_add_to_cart\" data-product_id=\"574\" data-product_sku=\"\" aria-label=\"Sepete ekle: \u201c3 ayl\u0131k iki ki\u015filik \u00e7ekme karavan yenisinden farks\u0131z s\u0131f\u0131r ucuz karavan\u201d\" rel=\"nofollow\" data-success_message=\"&quot;3 ayl\u0131k iki ki\u015filik \u00e7ekme karavan yenisinden farks\u0131z s\u0131f\u0131r ucuz karavan&quot; sepetinize eklendi\" role=\"button\">Sepete Ekle<\/a>\t<span id=\"woocommerce_loop_add_to_cart_link_describedby_574\" class=\"screen-reader-text\">\n\t\t\t<\/span>\n<\/li>\n<li class=\"product type-product post-454 status-publish instock product_cat-ikinci-el-mobilya has-post-thumbnail sale shipping-taxable purchasable product-type-simple\">\n\t<a href=\"https:\/\/bilgiyorumlar.com\/esyalar\/urun\/5-metre-ve-6-metrelik-cikma-agac-elektrik-direkler\/\" class=\"woocommerce-LoopProduct-link woocommerce-loop-product__link\">\n\t<span class=\"onsale\">\u0130ndirim!<\/span>\n\t<img loading=\"lazy\" decoding=\"async\" width=\"300\" height=\"300\" src=\"https:\/\/bilgiyorumlar.com\/esyalar\/wp-content\/uploads\/2024\/06\/cikma-agac-elektrik-direkler-1-300x300.png\" class=\"attachment-woocommerce_thumbnail size-woocommerce_thumbnail\" alt=\"5 metre ve 6 metrelik \u00e7\u0131kma a\u011fa\u00e7 elektrik direkler\" srcset=\"https:\/\/bilgiyorumlar.com\/esyalar\/wp-content\/uploads\/2024\/06\/cikma-agac-elektrik-direkler-1-300x300.png 300w, https:\/\/bilgiyorumlar.com\/esyalar\/wp-content\/uploads\/2024\/06\/cikma-agac-elektrik-direkler-1-150x150.png 150w, https:\/\/bilgiyorumlar.com\/esyalar\/wp-content\/uploads\/2024\/06\/cikma-agac-elektrik-direkler-1-100x100.png 100w\" sizes=\"auto, (max-width: 300px) 100vw, 300px\" title=\"\"><h2 class=\"woocommerce-loop-product__title\">5 metre ve 6 metrelik \u00e7\u0131kma a\u011fa\u00e7 elektrik direkler<\/h2>\n\t<span class=\"price\"><del aria-hidden=\"true\"><span class=\"woocommerce-Price-amount amount\"><bdi><span class=\"woocommerce-Price-currencySymbol\">&#8378;<\/span>150.00<\/bdi><\/span><\/del> <span class=\"screen-reader-text\">Orijinal fiyat: &#8378;150.00.<\/span><ins aria-hidden=\"true\"><span class=\"woocommerce-Price-amount amount\"><bdi><span class=\"woocommerce-Price-currencySymbol\">&#8378;<\/span>120.00<\/bdi><\/span><\/ins><span class=\"screen-reader-text\">\u015eu andaki fiyat: &#8378;120.00.<\/span><\/span>\n<div class=\"archive-product-categories text-center\"><a href=\"https:\/\/bilgiyorumlar.com\/esyalar\/urun-kategori\/ikinci-el-mobilya\/\" rel=\"tag\">ikinci el mobilya<\/a><\/div><\/a><a href=\"\/esyalar\/wp-json\/wp\/v2\/pages\/385?add-to-cart=454\" aria-describedby=\"woocommerce_loop_add_to_cart_link_describedby_454\" data-quantity=\"1\" class=\"button product_type_simple add_to_cart_button ajax_add_to_cart\" data-product_id=\"454\" data-product_sku=\"\" aria-label=\"Sepete ekle: \u201c5 metre ve 6 metrelik \u00e7\u0131kma a\u011fa\u00e7 elektrik direkler\u201d\" rel=\"nofollow\" data-success_message=\"&quot;5 metre ve 6 metrelik \u00e7\u0131kma a\u011fa\u00e7 elektrik direkler&quot; sepetinize eklendi\" role=\"button\">Sepete Ekle<\/a>\t<span id=\"woocommerce_loop_add_to_cart_link_describedby_454\" class=\"screen-reader-text\">\n\t\t\t<\/span>\n<\/li>\n<li class=\"product type-product post-544 status-publish last instock product_cat-ikinci-el-beyaz-esya product_tag-ikinci-el-camasir-makinesi has-post-thumbnail sale shipping-taxable purchasable product-type-simple\">\n\t<a href=\"https:\/\/bilgiyorumlar.com\/esyalar\/urun\/altus-al8100d-camasir-makinesi-kazani-cikma-altus-tambur-kazan\/\" class=\"woocommerce-LoopProduct-link woocommerce-loop-product__link\">\n\t<span class=\"onsale\">\u0130ndirim!<\/span>\n\t<img loading=\"lazy\" decoding=\"async\" width=\"300\" height=\"300\" src=\"https:\/\/bilgiyorumlar.com\/esyalar\/wp-content\/uploads\/2024\/10\/Altus-AL8100D-camasir-makinesi-kazani-1-300x300.png\" class=\"attachment-woocommerce_thumbnail size-woocommerce_thumbnail\" alt=\"Altus AL8100D \u00e7ama\u015f\u0131r makinesi kazan\u0131, \u00e7\u0131kma altus tambur-kazan\" srcset=\"https:\/\/bilgiyorumlar.com\/esyalar\/wp-content\/uploads\/2024\/10\/Altus-AL8100D-camasir-makinesi-kazani-1-300x300.png 300w, https:\/\/bilgiyorumlar.com\/esyalar\/wp-content\/uploads\/2024\/10\/Altus-AL8100D-camasir-makinesi-kazani-1-150x150.png 150w, https:\/\/bilgiyorumlar.com\/esyalar\/wp-content\/uploads\/2024\/10\/Altus-AL8100D-camasir-makinesi-kazani-1-100x100.png 100w\" sizes=\"auto, (max-width: 300px) 100vw, 300px\" title=\"\"><h2 class=\"woocommerce-loop-product__title\">Altus AL8100D \u00e7ama\u015f\u0131r makinesi kazan\u0131, \u00e7\u0131kma altus tambur-kazan<\/h2>\n\t<span class=\"price\"><del aria-hidden=\"true\"><span class=\"woocommerce-Price-amount amount\"><bdi><span class=\"woocommerce-Price-currencySymbol\">&#8378;<\/span>3,000.00<\/bdi><\/span><\/del> <span class=\"screen-reader-text\">Orijinal fiyat: &#8378;3,000.00.<\/span><ins aria-hidden=\"true\"><span class=\"woocommerce-Price-amount amount\"><bdi><span class=\"woocommerce-Price-currencySymbol\">&#8378;<\/span>2,100.00<\/bdi><\/span><\/ins><span class=\"screen-reader-text\">\u015eu andaki fiyat: &#8378;2,100.00.<\/span><\/span>\n<div class=\"archive-product-categories text-center\"><a href=\"https:\/\/bilgiyorumlar.com\/esyalar\/urun-kategori\/ikinci-el-beyaz-esya\/\" rel=\"tag\">ikinci el beyaz e\u015fya<\/a><\/div><\/a><a href=\"\/esyalar\/wp-json\/wp\/v2\/pages\/385?add-to-cart=544\" aria-describedby=\"woocommerce_loop_add_to_cart_link_describedby_544\" data-quantity=\"1\" class=\"button product_type_simple add_to_cart_button ajax_add_to_cart\" data-product_id=\"544\" data-product_sku=\"\" aria-label=\"Sepete ekle: \u201cAltus AL8100D \u00e7ama\u015f\u0131r makinesi kazan\u0131, \u00e7\u0131kma altus tambur-kazan\u201d\" rel=\"nofollow\" data-success_message=\"&quot;Altus AL8100D \u00e7ama\u015f\u0131r makinesi kazan\u0131, \u00e7\u0131kma altus tambur-kazan&quot; sepetinize eklendi\" role=\"button\">Sepete Ekle<\/a>\t<span id=\"woocommerce_loop_add_to_cart_link_describedby_544\" class=\"screen-reader-text\">\n\t\t\t<\/span>\n<\/li>\n<li class=\"product type-product post-539 status-publish first instock product_cat-ikinci-el-beyaz-esya product_tag-ikinci-el-camasir-makinesi has-post-thumbnail sale shipping-taxable purchasable product-type-simple\">\n\t<a href=\"https:\/\/bilgiyorumlar.com\/esyalar\/urun\/arcelik-camasir-makinesi-motoru-sifir-ayarinda-cikma-motor\/\" class=\"woocommerce-LoopProduct-link woocommerce-loop-product__link\">\n\t<span class=\"onsale\">\u0130ndirim!<\/span>\n\t<img loading=\"lazy\" decoding=\"async\" width=\"300\" height=\"300\" src=\"https:\/\/bilgiyorumlar.com\/esyalar\/wp-content\/uploads\/2024\/10\/Arcelik-camasir-makinesi-motoru-2-300x300.png\" class=\"attachment-woocommerce_thumbnail size-woocommerce_thumbnail\" alt=\"Ar\u00e7elik \u00e7ama\u015f\u0131r makinesi motoru s\u0131f\u0131r ayar\u0131nda \u00e7\u0131kma motor\" srcset=\"https:\/\/bilgiyorumlar.com\/esyalar\/wp-content\/uploads\/2024\/10\/Arcelik-camasir-makinesi-motoru-2-300x300.png 300w, https:\/\/bilgiyorumlar.com\/esyalar\/wp-content\/uploads\/2024\/10\/Arcelik-camasir-makinesi-motoru-2-150x150.png 150w, https:\/\/bilgiyorumlar.com\/esyalar\/wp-content\/uploads\/2024\/10\/Arcelik-camasir-makinesi-motoru-2-100x100.png 100w\" sizes=\"auto, (max-width: 300px) 100vw, 300px\" title=\"\"><h2 class=\"woocommerce-loop-product__title\">Ar\u00e7elik \u00e7ama\u015f\u0131r makinesi motoru s\u0131f\u0131r ayar\u0131nda \u00e7\u0131kma motor<\/h2>\n\t<span class=\"price\"><del aria-hidden=\"true\"><span class=\"woocommerce-Price-amount amount\"><bdi><span class=\"woocommerce-Price-currencySymbol\">&#8378;<\/span>650.00<\/bdi><\/span><\/del> <span class=\"screen-reader-text\">Orijinal fiyat: &#8378;650.00.<\/span><ins aria-hidden=\"true\"><span class=\"woocommerce-Price-amount amount\"><bdi><span class=\"woocommerce-Price-currencySymbol\">&#8378;<\/span>500.00<\/bdi><\/span><\/ins><span class=\"screen-reader-text\">\u015eu andaki fiyat: &#8378;500.00.<\/span><\/span>\n<div class=\"archive-product-categories text-center\"><a href=\"https:\/\/bilgiyorumlar.com\/esyalar\/urun-kategori\/ikinci-el-beyaz-esya\/\" rel=\"tag\">ikinci el beyaz e\u015fya<\/a><\/div><\/a><a href=\"\/esyalar\/wp-json\/wp\/v2\/pages\/385?add-to-cart=539\" aria-describedby=\"woocommerce_loop_add_to_cart_link_describedby_539\" data-quantity=\"1\" class=\"button product_type_simple add_to_cart_button ajax_add_to_cart\" data-product_id=\"539\" data-product_sku=\"\" aria-label=\"Sepete ekle: \u201cAr\u00e7elik \u00e7ama\u015f\u0131r makinesi motoru s\u0131f\u0131r ayar\u0131nda \u00e7\u0131kma motor\u201d\" rel=\"nofollow\" data-success_message=\"&quot;Ar\u00e7elik \u00e7ama\u015f\u0131r makinesi motoru s\u0131f\u0131r ayar\u0131nda \u00e7\u0131kma motor&quot; sepetinize eklendi\" role=\"button\">Sepete Ekle<\/a>\t<span id=\"woocommerce_loop_add_to_cart_link_describedby_539\" class=\"screen-reader-text\">\n\t\t\t<\/span>\n<\/li>\n<li class=\"product type-product post-503 status-publish instock product_cat-ikinci-el-is-makineleri product_cat-ikinci-el-esya product_cat-spot-defolu-esya has-post-thumbnail sale shipping-taxable purchasable product-type-simple\">\n\t<a href=\"https:\/\/bilgiyorumlar.com\/esyalar\/urun\/celik-dubel-toptan-satilik-spot-civata-somunlar-celik-dubeller\/\" class=\"woocommerce-LoopProduct-link woocommerce-loop-product__link\">\n\t<span class=\"onsale\">\u0130ndirim!<\/span>\n\t<img loading=\"lazy\" decoding=\"async\" width=\"300\" height=\"300\" src=\"https:\/\/bilgiyorumlar.com\/esyalar\/wp-content\/uploads\/2024\/08\/celik-dubel-toptan-satilik-spot-civata-1-300x300.png\" class=\"attachment-woocommerce_thumbnail size-woocommerce_thumbnail\" alt=\"\u00c7elik dubel toptan sat\u0131l\u0131k spot civata somunlar \u00e7elik dubeller\" srcset=\"https:\/\/bilgiyorumlar.com\/esyalar\/wp-content\/uploads\/2024\/08\/celik-dubel-toptan-satilik-spot-civata-1-300x300.png 300w, https:\/\/bilgiyorumlar.com\/esyalar\/wp-content\/uploads\/2024\/08\/celik-dubel-toptan-satilik-spot-civata-1-150x150.png 150w, https:\/\/bilgiyorumlar.com\/esyalar\/wp-content\/uploads\/2024\/08\/celik-dubel-toptan-satilik-spot-civata-1-600x598.png 600w, https:\/\/bilgiyorumlar.com\/esyalar\/wp-content\/uploads\/2024\/08\/celik-dubel-toptan-satilik-spot-civata-1-100x100.png 100w, https:\/\/bilgiyorumlar.com\/esyalar\/wp-content\/uploads\/2024\/08\/celik-dubel-toptan-satilik-spot-civata-1.png 635w\" sizes=\"auto, (max-width: 300px) 100vw, 300px\" title=\"\"><h2 class=\"woocommerce-loop-product__title\">\u00c7elik dubel toptan sat\u0131l\u0131k spot civata somunlar \u00e7elik dubeller<\/h2>\n\t<span class=\"price\"><del aria-hidden=\"true\"><span class=\"woocommerce-Price-amount amount\"><bdi><span class=\"woocommerce-Price-currencySymbol\">&#8378;<\/span>5.00<\/bdi><\/span><\/del> <span class=\"screen-reader-text\">Orijinal fiyat: &#8378;5.00.<\/span><ins aria-hidden=\"true\"><span class=\"woocommerce-Price-amount amount\"><bdi><span class=\"woocommerce-Price-currencySymbol\">&#8378;<\/span>3.00<\/bdi><\/span><\/ins><span class=\"screen-reader-text\">\u015eu andaki fiyat: &#8378;3.00.<\/span><\/span>\n<div class=\"archive-product-categories text-center\"><a href=\"https:\/\/bilgiyorumlar.com\/esyalar\/urun-kategori\/ikinci-el-is-makineleri\/\" rel=\"tag\">ikinci el i\u015f makineleri<\/a>,<a href=\"https:\/\/bilgiyorumlar.com\/esyalar\/urun-kategori\/ikinci-el-esya\/\" rel=\"tag\">ikinci el e\u015fya<\/a>,<a href=\"https:\/\/bilgiyorumlar.com\/esyalar\/urun-kategori\/spot-defolu-esya\/\" rel=\"tag\">spot defolu e\u015fya<\/a><\/div><\/a><a href=\"\/esyalar\/wp-json\/wp\/v2\/pages\/385?add-to-cart=503\" aria-describedby=\"woocommerce_loop_add_to_cart_link_describedby_503\" data-quantity=\"1\" class=\"button product_type_simple add_to_cart_button ajax_add_to_cart\" data-product_id=\"503\" data-product_sku=\"\" aria-label=\"Sepete ekle: \u201c\u00c7elik dubel toptan sat\u0131l\u0131k spot civata somunlar \u00e7elik dubeller\u201d\" rel=\"nofollow\" data-success_message=\"&quot;\u00c7elik dubel toptan sat\u0131l\u0131k spot civata somunlar \u00e7elik dubeller&quot; sepetinize eklendi\" role=\"button\">Sepete Ekle<\/a>\t<span id=\"woocommerce_loop_add_to_cart_link_describedby_503\" class=\"screen-reader-text\">\n\t\t\t<\/span>\n<\/li>\n<li class=\"product type-product post-524 status-publish instock product_cat-ikinci-el-mobilya has-post-thumbnail sale shipping-taxable purchasable product-type-simple\">\n\t<a href=\"https:\/\/bilgiyorumlar.com\/esyalar\/urun\/cikma-amerikan-kapi\/\" class=\"woocommerce-LoopProduct-link woocommerce-loop-product__link\">\n\t<span class=\"onsale\">\u0130ndirim!<\/span>\n\t<img loading=\"lazy\" decoding=\"async\" width=\"300\" height=\"300\" src=\"https:\/\/bilgiyorumlar.com\/esyalar\/wp-content\/uploads\/2024\/10\/cikma-amerikan-kapi-2-300x300.png\" class=\"attachment-woocommerce_thumbnail size-woocommerce_thumbnail\" alt=\"\u00c7\u0131kma amerikan kap\u0131 Amerikan Panel Kap\u0131 87x203 cm  Plandad\u0131r. Aray\u0131p Fiyat Al\" srcset=\"https:\/\/bilgiyorumlar.com\/esyalar\/wp-content\/uploads\/2024\/10\/cikma-amerikan-kapi-2-300x300.png 300w, https:\/\/bilgiyorumlar.com\/esyalar\/wp-content\/uploads\/2024\/10\/cikma-amerikan-kapi-2-150x150.png 150w, https:\/\/bilgiyorumlar.com\/esyalar\/wp-content\/uploads\/2024\/10\/cikma-amerikan-kapi-2-100x100.png 100w\" sizes=\"auto, (max-width: 300px) 100vw, 300px\" title=\"\"><h2 class=\"woocommerce-loop-product__title\">\u00c7\u0131kma amerikan kap\u0131 Amerikan Panel Kap\u0131 87&#215;203 cm  Plandad\u0131r. Aray\u0131p Fiyat Al<\/h2>\n\t<span class=\"price\"><del aria-hidden=\"true\"><span class=\"woocommerce-Price-amount amount\"><bdi><span class=\"woocommerce-Price-currencySymbol\">&#8378;<\/span>2,500.00<\/bdi><\/span><\/del> <span class=\"screen-reader-text\">Orijinal fiyat: &#8378;2,500.00.<\/span><ins aria-hidden=\"true\"><span class=\"woocommerce-Price-amount amount\"><bdi><span class=\"woocommerce-Price-currencySymbol\">&#8378;<\/span>1,500.00<\/bdi><\/span><\/ins><span class=\"screen-reader-text\">\u015eu andaki fiyat: &#8378;1,500.00.<\/span><\/span>\n<div class=\"archive-product-categories text-center\"><a href=\"https:\/\/bilgiyorumlar.com\/esyalar\/urun-kategori\/ikinci-el-mobilya\/\" rel=\"tag\">ikinci el mobilya<\/a><\/div><\/a><a href=\"\/esyalar\/wp-json\/wp\/v2\/pages\/385?add-to-cart=524\" aria-describedby=\"woocommerce_loop_add_to_cart_link_describedby_524\" data-quantity=\"1\" class=\"button product_type_simple add_to_cart_button ajax_add_to_cart\" data-product_id=\"524\" data-product_sku=\"\" aria-label=\"Sepete ekle: \u201c\u00c7\u0131kma amerikan kap\u0131 Amerikan Panel Kap\u0131 87x203 cm  Plandad\u0131r. Aray\u0131p Fiyat Al\u201d\" rel=\"nofollow\" data-success_message=\"&quot;\u00c7\u0131kma amerikan kap\u0131 Amerikan Panel Kap\u0131 87x203 cm  Plandad\u0131r. Aray\u0131p Fiyat Al&quot; sepetinize eklendi\" role=\"button\">Sepete Ekle<\/a>\t<span id=\"woocommerce_loop_add_to_cart_link_describedby_524\" class=\"screen-reader-text\">\n\t\t\t<\/span>\n<\/li>\n<li class=\"product type-product post-481 status-publish last instock product_cat-ikinci-el-beyaz-esya product_tag-ikinci-el-camasir-makinesi has-post-thumbnail sale shipping-taxable purchasable product-type-simple\">\n\t<a href=\"https:\/\/bilgiyorumlar.com\/esyalar\/urun\/cikma-arcelik-camasir-makinesi-motoru-ucuz-fiyat-garantili-motor\/\" class=\"woocommerce-LoopProduct-link woocommerce-loop-product__link\">\n\t<span class=\"onsale\">\u0130ndirim!<\/span>\n\t<img loading=\"lazy\" decoding=\"async\" width=\"300\" height=\"300\" src=\"https:\/\/bilgiyorumlar.com\/esyalar\/wp-content\/uploads\/2024\/07\/Cikma-arcelik-camasir-makinesi-motoru-2-300x300.png\" class=\"attachment-woocommerce_thumbnail size-woocommerce_thumbnail\" alt=\"\u00c7\u0131kma ar\u00e7elik \u00e7ama\u015f\u0131r makinesi motoru ucuz fiyat garantili motor\" srcset=\"https:\/\/bilgiyorumlar.com\/esyalar\/wp-content\/uploads\/2024\/07\/Cikma-arcelik-camasir-makinesi-motoru-2-300x300.png 300w, https:\/\/bilgiyorumlar.com\/esyalar\/wp-content\/uploads\/2024\/07\/Cikma-arcelik-camasir-makinesi-motoru-2-150x150.png 150w, https:\/\/bilgiyorumlar.com\/esyalar\/wp-content\/uploads\/2024\/07\/Cikma-arcelik-camasir-makinesi-motoru-2-100x100.png 100w\" sizes=\"auto, (max-width: 300px) 100vw, 300px\" title=\"\"><h2 class=\"woocommerce-loop-product__title\">\u00c7\u0131kma ar\u00e7elik \u00e7ama\u015f\u0131r makinesi motoru ucuz fiyat garantili motor<\/h2>\n\t<span class=\"price\"><del aria-hidden=\"true\"><span class=\"woocommerce-Price-amount amount\"><bdi><span class=\"woocommerce-Price-currencySymbol\">&#8378;<\/span>450.00<\/bdi><\/span><\/del> <span class=\"screen-reader-text\">Orijinal fiyat: &#8378;450.00.<\/span><ins aria-hidden=\"true\"><span class=\"woocommerce-Price-amount amount\"><bdi><span class=\"woocommerce-Price-currencySymbol\">&#8378;<\/span>400.00<\/bdi><\/span><\/ins><span class=\"screen-reader-text\">\u015eu andaki fiyat: &#8378;400.00.<\/span><\/span>\n<div class=\"archive-product-categories text-center\"><a href=\"https:\/\/bilgiyorumlar.com\/esyalar\/urun-kategori\/ikinci-el-beyaz-esya\/\" rel=\"tag\">ikinci el beyaz e\u015fya<\/a><\/div><\/a><a href=\"\/esyalar\/wp-json\/wp\/v2\/pages\/385?add-to-cart=481\" aria-describedby=\"woocommerce_loop_add_to_cart_link_describedby_481\" data-quantity=\"1\" class=\"button product_type_simple add_to_cart_button ajax_add_to_cart\" data-product_id=\"481\" data-product_sku=\"\" aria-label=\"Sepete ekle: \u201c\u00c7\u0131kma ar\u00e7elik \u00e7ama\u015f\u0131r makinesi motoru ucuz fiyat garantili motor\u201d\" rel=\"nofollow\" data-success_message=\"&quot;\u00c7\u0131kma ar\u00e7elik \u00e7ama\u015f\u0131r makinesi motoru ucuz fiyat garantili motor&quot; sepetinize eklendi\" role=\"button\">Sepete Ekle<\/a>\t<span id=\"woocommerce_loop_add_to_cart_link_describedby_481\" class=\"screen-reader-text\">\n\t\t\t<\/span>\n<\/li>\n<\/ul>\n<\/div>\n","protected":false},"excerpt":{"rendered":"","protected":false},"author":1,"featured_media":388,"parent":0,"menu_order":0,"comment_status":"closed","ping_status":"closed","template":"","meta":{"footnotes":""},"class_list":["post-385","page","type-page","status-publish","has-post-thumbnail","hentry"],"_links":{"self":[{"href":"https:\/\/bilgiyorumlar.com\/esyalar\/wp-json\/wp\/v2\/pages\/385","targetHints":{"allow":["GET"]}}],"collection":[{"href":"https:\/\/bilgiyorumlar.com\/esyalar\/wp-json\/wp\/v2\/pages"}],"about":[{"href":"https:\/\/bilgiyorumlar.com\/esyalar\/wp-json\/wp\/v2\/types\/page"}],"author":[{"embeddable":true,"href":"https:\/\/bilgiyorumlar.com\/esyalar\/wp-json\/wp\/v2\/users\/1"}],"replies":[{"embeddable":true,"href":"https:\/\/bilgiyorumlar.com\/esyalar\/wp-json\/wp\/v2\/comments?post=385"}],"version-history":[{"count":1,"href":"https:\/\/bilgiyorumlar.com\/esyalar\/wp-json\/wp\/v2\/pages\/385\/revisions"}],"predecessor-version":[{"id":387,"href":"https:\/\/bilgiyorumlar.com\/esyalar\/wp-json\/wp\/v2\/pages\/385\/revisions\/387"}],"wp:featuredmedia":[{"embeddable":true,"href":"https:\/\/bilgiyorumlar.com\/esyalar\/wp-json\/wp\/v2\/media\/388"}],"wp:attachment":[{"href":"https:\/\/bilgiyorumlar.com\/esyalar\/wp-json\/wp\/v2\/media?parent=385"}],"curies":[{"name":"wp","href":"https:\/\/api.w.org\/{rel}","templated":true}]}}